{"id":6869,"date":"2017-03-22T10:19:02","date_gmt":"2017-03-22T10:19:02","guid":{"rendered":"https:\/\/torresorthodontics.com\/declaracion-de-accesibilidad\/"},"modified":"2025-05-22T20:49:27","modified_gmt":"2025-05-22T20:49:27","slug":"declaracion-de-accesibilidad","status":"publish","type":"page","link":"https:\/\/www.torresorthodontics.com\/es\/declaracion-de-accesibilidad\/","title":{"rendered":"Declaraci\u00f3n de Accesibilidad"},"content":{"rendered":"\t\t<div data-elementor-type=\"wp-page\" data-elementor-id=\"6869\" class=\"elementor elementor-6869 elementor-2809\" data-elementor-post-type=\"page\">\n\t\t\t\t\t\t<section data-particle_enable=\"false\" data-particle-mobile-disabled=\"false\" class=\"elementor-section elementor-top-section elementor-element elementor-element-5f3c5e88 elementor-section-boxed elementor-section-height-default elementor-section-height-default\" data-id=\"5f3c5e88\" data-element_type=\"section\" data-e-type=\"section\">\n\t\t\t\t\t\t<div class=\"elementor-container elementor-column-gap-default\">\n\t\t\t\t\t<div class=\"elementor-column elementor-col-100 elementor-top-column elementor-element elementor-element-5878f26a\" data-id=\"5878f26a\" data-element_type=\"column\" data-e-type=\"column\">\n\t\t\t<div class=\"elementor-widget-wrap elementor-element-populated\">\n\t\t\t\t\t\t<div class=\"elementor-element elementor-element-691ad1c elementor-widget elementor-widget-text-editor\" data-id=\"691ad1c\" data-element_type=\"widget\" data-e-type=\"widget\" data-widget_type=\"text-editor.default\">\n\t\t\t\t<div class=\"elementor-widget-container\">\n\t\t\t\t\t\t\t\t\t<p>Trabajamos continuamente para mejorar la accesibilidad de los contenidos de nuestro sitio web. A continuaci\u00f3n encontrar\u00e1s algunas recomendaciones para que tu experiencia de navegaci\u00f3n sea m\u00e1s accesible: <\/p><p><strong>Si tienes problemas para ver las p\u00e1ginas web<\/strong>, la Administraci\u00f3n de la Seguridad Social de EE.UU. te ofrece estos consejos para optimizar tu ordenador y tu navegador con el fin de mejorar tu experiencia en l\u00ednea.<\/p><ul><li>Utiliza tu ordenador para leer p\u00e1ginas web en voz alta<\/li><li>Utiliza el teclado para navegar por las pantallas<\/li><li>Aumentar el tama\u00f1o del texto<\/li><li>Ampl\u00eda tu pantalla<\/li><li>Cambia los colores del fondo y del texto<\/li><li>Hacer m\u00e1s visible el puntero del rat\u00f3n (s\u00f3lo Windows)<\/li><\/ul><p>Si buscas <strong>alternativas al rat\u00f3n y al teclado<\/strong>, un software de reconocimiento de voz como Dragon Naturally Speaking puede ayudarte a navegar por p\u00e1ginas web y servicios en l\u00ednea. Este software permite al usuario desplazarse por una p\u00e1gina web o por la pantalla de una aplicaci\u00f3n mediante controles de voz. <\/p><p>Si eres sordo o tienes dificultades auditivas, tienes a tu disposici\u00f3n varias funciones de accesibilidad.<\/p><h2>Subt\u00edtulos<\/h2><p>Los subt\u00edtulos proporcionan una transcripci\u00f3n de la pista de audio de una presentaci\u00f3n de v\u00eddeo que est\u00e1 sincronizada con las pistas de v\u00eddeo y audio. Los subt\u00edtulos suelen aparecer visualmente sobre el v\u00eddeo, lo que beneficia a las personas sordas o con dificultades auditivas, y a cualquiera que no pueda o\u00edr el audio debido a entornos ruidosos. La mayor\u00eda de nuestros contenidos de v\u00eddeo incluyen subt\u00edtulos. Aprende a activar y desactivar los subt\u00edtulos en YouTube<a href=\"https:\/\/support.google.com\/youtube\/answer\/100078?hl=en\">.<\/a>   <\/p><h2>Controles de volumen<\/h2><p>Tu ordenador, tableta o dispositivo m\u00f3vil tiene funciones de control de volumen. Cada servicio de v\u00eddeo y audio tiene sus propios controles de volumen adicionales. Intenta ajustar tanto los controles de volumen de tu dispositivo como los de tus reproductores multimedia para optimizar tu experiencia auditiva.  <\/p><p>Si las recomendaciones anteriores no satisfacen tus necesidades, te invitamos a ponerte en contacto con nosotros para que te ayudemos a trav\u00e9s de la informaci\u00f3n que figura a continuaci\u00f3n.<\/p>\t\t\t\t\t\t\t\t<\/div>\n\t\t\t\t<\/div>\n\t\t\t\t\t<\/div>\n\t\t<\/div>\n\t\t\t\t\t<\/div>\n\t\t<\/section>\n\t\t<div data-particle_enable=\"false\" data-particle-mobile-disabled=\"false\" class=\"elementor-element elementor-element-bbe3a5d e-flex e-con-boxed e-con e-parent\" data-id=\"bbe3a5d\" data-element_type=\"container\" data-e-type=\"container\">\n\t\t\t\t\t<div class=\"e-con-inner\">\n\t\t<div data-particle_enable=\"false\" data-particle-mobile-disabled=\"false\" class=\"elementor-element elementor-element-ea74bd7 e-flex e-con-boxed e-con e-child\" data-id=\"ea74bd7\" data-element_type=\"container\" data-e-type=\"container\">\n\t\t\t\t\t<div class=\"e-con-inner\">\n\t\t<div data-particle_enable=\"false\" data-particle-mobile-disabled=\"false\" class=\"elementor-element elementor-element-c343b99 e-grid e-con-boxed e-con e-child\" data-id=\"c343b99\" data-element_type=\"container\" data-e-type=\"container\">\n\t\t\t\t\t<div class=\"e-con-inner\">\n\t\t\t\t<div class=\"elementor-element elementor-element-95b82f7 elementor-widget elementor-widget-text-editor\" data-id=\"95b82f7\" data-element_type=\"widget\" data-e-type=\"widget\" data-widget_type=\"text-editor.default\">\n\t\t\t\t<div class=\"elementor-widget-container\">\n\t\t\t\t\t\t\t\t\t<div class=\"elementor-element elementor-element-52d2702 elementor-widget elementor-widget-heading\" data-id=\"52d2702\" data-element_type=\"widget\" data-widget_type=\"heading.default\"><div class=\"elementor-widget-container\"><h4 class=\"elementor-heading-title elementor-size-default\">Oficina de Tampa<br><br><\/h4><ul><li class=\"elementor-heading-title elementor-size-default\">10870 Sheldon Road, Tampa, FL 33626<\/li><li class=\"elementor-heading-title elementor-size-default\">(813) 920-7720<\/li><\/ul><\/div><\/div><div class=\"elementor-element elementor-element-661f928 elementor-list-item-link-inline elementor-align-center elementor-icon-list--layout-traditional elementor-widget elementor-widget-icon-list\" data-id=\"661f928\" data-element_type=\"widget\" data-widget_type=\"icon-list.default\"><div class=\"elementor-widget-container\"> <\/div><\/div>\t\t\t\t\t\t\t\t<\/div>\n\t\t\t\t<\/div>\n\t\t\t\t<div class=\"elementor-element elementor-element-83462da elementor-widget elementor-widget-text-editor\" data-id=\"83462da\" data-element_type=\"widget\" data-e-type=\"widget\" data-widget_type=\"text-editor.default\">\n\t\t\t\t<div class=\"elementor-widget-container\">\n\t\t\t\t\t\t\t\t\t<div class=\"elementor-element elementor-element-4582d90 elementor-widget elementor-widget-heading\" data-id=\"4582d90\" data-element_type=\"widget\" data-widget_type=\"heading.default\"><div class=\"elementor-widget-container\"><h4 class=\"elementor-heading-title elementor-size-default\">Oficina de Miami Lakes<br><br><\/h4><ul><li class=\"elementor-heading-title elementor-size-default\">16010 NW 57th Ave Suite 106, Miami Lakes, FL 33014<\/li><li class=\"elementor-heading-title elementor-size-default\">(786) 319-9057<\/li><\/ul><\/div><\/div>\t\t\t\t\t\t\t\t<\/div>\n\t\t\t\t<\/div>\n\t\t\t\t<div class=\"elementor-element elementor-element-2fb6807 elementor-widget elementor-widget-text-editor\" data-id=\"2fb6807\" data-element_type=\"widget\" data-e-type=\"widget\" data-widget_type=\"text-editor.default\">\n\t\t\t\t<div class=\"elementor-widget-container\">\n\t\t\t\t\t\t\t\t\t<div class=\"elementor-element elementor-element-61d9b49 elementor-widget elementor-widget-heading\" data-id=\"61d9b49\" data-element_type=\"widget\" data-widget_type=\"heading.default\"><div class=\"elementor-widget-container\"><h4 class=\"elementor-heading-title elementor-size-default\">Oficina de Boca Raton<br><br><\/h4><ul><li class=\"elementor-heading-title elementor-size-default\">1590 NW 10th Ave #302, Boca Rat\u00f3n, FL 33486<\/li><li class=\"elementor-heading-title elementor-size-default\">(561) 477-8100<\/li><\/ul><\/div><\/div>\t\t\t\t\t\t\t\t<\/div>\n\t\t\t\t<\/div>\n\t\t\t\t\t<\/div>\n\t\t\t\t<\/div>\n\t\t\t\t\t<\/div>\n\t\t\t\t<\/div>\n\t\t\t\t\t<\/div>\n\t\t\t\t<\/div>\n\t\t\t\t<\/div>\n\t\t","protected":false},"excerpt":{"rendered":"<p>Trabajamos continuamente para mejorar la accesibilidad de los contenidos de nuestro sitio web. A continuaci\u00f3n encontrar\u00e1s algunas recomendaciones para que tu experiencia de navegaci\u00f3n sea m\u00e1s accesible: Si tienes problemas para ver las p\u00e1ginas web, la Administraci\u00f3n de la Seguridad Social de EE.UU. te ofrece estos consejos para optimizar tu ordenador y tu navegador con el fin de [&hellip;]<\/p>\n","protected":false},"author":2,"featured_media":0,"parent":0,"menu_order":98,"comment_status":"closed","ping_status":"closed","template":"","meta":{"_seopress_robots_primary_cat":"","_seopress_titles_title":"Declaraci\u00f3n de Accesibilidad en Torres Orthodontics en Tampa Miami Lakes FL","_seopress_titles_desc":"Trabajamos continuamente para mejorar la accesibilidad del contenido de nuestro sitio web en Torres Orthodontics en Tampa y Miami Lakes, FL.","_seopress_robots_index":"","footnotes":"","_yoast_wpseo_focuskw":"","_yoast_wpseo_metadesc":"En cumplimiento de la Ley de Estadounidenses con Discapacidades (AwDA), [Nombre del centro] proporciona una declaraci\u00f3n de accesibilidad a los visitantes del sitio web.","_yoast_wpseo_linkdex":"","_yoast_wpseo_content_score":"","rank_math_focus_keyword":"","rank_math_description":"","rank_math_seo_score":""},"class_list":["post-6869","page","type-page","status-publish"],"yoast_head":"<!-- This site is optimized with the Yoast SEO plugin v27.5 - https:\/\/yoast.com\/product\/yoast-seo-wordpress\/ -->\n<title>Declaraci\u00f3n de Accesibilidad en [Nombre de la consulta] en [Ciudad Estado]<\/title>\n<meta name=\"description\" content=\"En cumplimiento de la Ley de Estadounidenses con Discapacidades (AwDA), [Nombre del centro] proporciona una declaraci\u00f3n de accesibilidad a los visitantes del sitio web.\" \/>\n<meta name=\"robots\" content=\"index, follow, max-snippet:-1, max-image-preview:large, max-video-preview:-1\" \/>\n<link rel=\"canonical\" href=\"https:\/\/www.torresorthodontics.com\/es\/declaracion-de-accesibilidad\/\" \/>\n<meta property=\"og:locale\" content=\"es_ES\" \/>\n<meta property=\"og:type\" content=\"article\" \/>\n<meta property=\"og:title\" content=\"Declaraci\u00f3n de Accesibilidad en [Nombre de la consulta] en [Ciudad Estado]\" \/>\n<meta property=\"og:description\" content=\"En cumplimiento de la Ley de Estadounidenses con Discapacidades (AwDA), [Nombre del centro] proporciona una declaraci\u00f3n de accesibilidad a los visitantes del sitio web.\" \/>\n<meta property=\"og:url\" content=\"https:\/\/www.torresorthodontics.com\/es\/declaracion-de-accesibilidad\/\" \/>\n<meta property=\"og:site_name\" content=\"Orthodontist Miami Lakes Tampa FL clear aligners Braces | Torres Orthodontics\" \/>\n<meta property=\"article:publisher\" content=\"https:\/\/www.facebook.com\/torresortho\/\" \/>\n<meta property=\"article:modified_time\" content=\"2025-05-22T20:49:27+00:00\" \/>\n<meta name=\"twitter:card\" content=\"summary_large_image\" \/>\n<meta name=\"twitter:label1\" content=\"Tiempo de lectura\" \/>\n\t<meta name=\"twitter:data1\" content=\"2 minutes\" \/>\n<script type=\"application\/ld+json\" class=\"yoast-schema-graph\">{\"@context\":\"https:\\\/\\\/schema.org\",\"@graph\":[{\"@type\":\"WebPage\",\"@id\":\"https:\\\/\\\/www.torresorthodontics.com\\\/es\\\/declaracion-de-accesibilidad\\\/\",\"url\":\"https:\\\/\\\/www.torresorthodontics.com\\\/es\\\/declaracion-de-accesibilidad\\\/\",\"name\":\"Declaraci\u00f3n de Accesibilidad en [Nombre de la consulta] en [Ciudad Estado]\",\"isPartOf\":{\"@id\":\"https:\\\/\\\/www.torresorthodontics.com\\\/#website\"},\"datePublished\":\"2017-03-22T10:19:02+00:00\",\"dateModified\":\"2025-05-22T20:49:27+00:00\",\"description\":\"En cumplimiento de la Ley de Estadounidenses con Discapacidades (AwDA), [Nombre del centro] proporciona una declaraci\u00f3n de accesibilidad a los visitantes del sitio web.\",\"breadcrumb\":{\"@id\":\"https:\\\/\\\/www.torresorthodontics.com\\\/es\\\/declaracion-de-accesibilidad\\\/#breadcrumb\"},\"inLanguage\":\"es-ES\",\"potentialAction\":[{\"@type\":\"ReadAction\",\"target\":[\"https:\\\/\\\/www.torresorthodontics.com\\\/es\\\/declaracion-de-accesibilidad\\\/\"]}]},{\"@type\":\"BreadcrumbList\",\"@id\":\"https:\\\/\\\/www.torresorthodontics.com\\\/es\\\/declaracion-de-accesibilidad\\\/#breadcrumb\",\"itemListElement\":[{\"@type\":\"ListItem\",\"position\":1,\"name\":\"Home\",\"item\":\"https:\\\/\\\/www.torresorthodontics.com\\\/es\\\/inicio\\\/\"},{\"@type\":\"ListItem\",\"position\":2,\"name\":\"Declaraci\u00f3n de Accesibilidad\"}]},{\"@type\":\"WebSite\",\"@id\":\"https:\\\/\\\/www.torresorthodontics.com\\\/#website\",\"url\":\"https:\\\/\\\/www.torresorthodontics.com\\\/\",\"name\":\"Torres Orthodontics\",\"description\":\"Orthodontist Tampa Miami Lakes FL clear aligners Braces | Torres Orthodontics\",\"publisher\":{\"@id\":\"https:\\\/\\\/www.torresorthodontics.com\\\/#organization\"},\"potentialAction\":[{\"@type\":\"SearchAction\",\"target\":{\"@type\":\"EntryPoint\",\"urlTemplate\":\"https:\\\/\\\/www.torresorthodontics.com\\\/?s={search_term_string}\"},\"query-input\":{\"@type\":\"PropertyValueSpecification\",\"valueRequired\":true,\"valueName\":\"search_term_string\"}}],\"inLanguage\":\"es-ES\"},{\"@type\":\"Organization\",\"@id\":\"https:\\\/\\\/www.torresorthodontics.com\\\/#organization\",\"name\":\"Torres Orthodontics\",\"url\":\"https:\\\/\\\/www.torresorthodontics.com\\\/\",\"logo\":{\"@type\":\"ImageObject\",\"inLanguage\":\"es-ES\",\"@id\":\"https:\\\/\\\/www.torresorthodontics.com\\\/#\\\/schema\\\/logo\\\/image\\\/\",\"url\":\"https:\\\/\\\/www.torresorthodontics.com\\\/wp-content\\\/uploads\\\/2022\\\/03\\\/torres-orthodontics-logo-horizontal.png\",\"contentUrl\":\"https:\\\/\\\/www.torresorthodontics.com\\\/wp-content\\\/uploads\\\/2022\\\/03\\\/torres-orthodontics-logo-horizontal.png\",\"width\":1000,\"height\":366,\"caption\":\"Torres Orthodontics\"},\"image\":{\"@id\":\"https:\\\/\\\/www.torresorthodontics.com\\\/#\\\/schema\\\/logo\\\/image\\\/\"},\"sameAs\":[\"https:\\\/\\\/www.facebook.com\\\/torresortho\\\/\"]}]}<\/script>\n<!-- \/ Yoast SEO plugin. -->","yoast_head_json":{"title":"Declaraci\u00f3n de Accesibilidad en [Nombre de la consulta] en [Ciudad Estado]","description":"En cumplimiento de la Ley de Estadounidenses con Discapacidades (AwDA), [Nombre del centro] proporciona una declaraci\u00f3n de accesibilidad a los visitantes del sitio web.","robots":{"index":"index","follow":"follow","max-snippet":"max-snippet:-1","max-image-preview":"max-image-preview:large","max-video-preview":"max-video-preview:-1"},"canonical":"https:\/\/www.torresorthodontics.com\/es\/declaracion-de-accesibilidad\/","og_locale":"es_ES","og_type":"article","og_title":"Declaraci\u00f3n de Accesibilidad en [Nombre de la consulta] en [Ciudad Estado]","og_description":"En cumplimiento de la Ley de Estadounidenses con Discapacidades (AwDA), [Nombre del centro] proporciona una declaraci\u00f3n de accesibilidad a los visitantes del sitio web.","og_url":"https:\/\/www.torresorthodontics.com\/es\/declaracion-de-accesibilidad\/","og_site_name":"Orthodontist Miami Lakes Tampa FL clear aligners Braces | Torres Orthodontics","article_publisher":"https:\/\/www.facebook.com\/torresortho\/","article_modified_time":"2025-05-22T20:49:27+00:00","twitter_card":"summary_large_image","twitter_misc":{"Tiempo de lectura":"2 minutes"},"schema":{"@context":"https:\/\/schema.org","@graph":[{"@type":"WebPage","@id":"https:\/\/www.torresorthodontics.com\/es\/declaracion-de-accesibilidad\/","url":"https:\/\/www.torresorthodontics.com\/es\/declaracion-de-accesibilidad\/","name":"Declaraci\u00f3n de Accesibilidad en [Nombre de la consulta] en [Ciudad Estado]","isPartOf":{"@id":"https:\/\/www.torresorthodontics.com\/#website"},"datePublished":"2017-03-22T10:19:02+00:00","dateModified":"2025-05-22T20:49:27+00:00","description":"En cumplimiento de la Ley de Estadounidenses con Discapacidades (AwDA), [Nombre del centro] proporciona una declaraci\u00f3n de accesibilidad a los visitantes del sitio web.","breadcrumb":{"@id":"https:\/\/www.torresorthodontics.com\/es\/declaracion-de-accesibilidad\/#breadcrumb"},"inLanguage":"es-ES","potentialAction":[{"@type":"ReadAction","target":["https:\/\/www.torresorthodontics.com\/es\/declaracion-de-accesibilidad\/"]}]},{"@type":"BreadcrumbList","@id":"https:\/\/www.torresorthodontics.com\/es\/declaracion-de-accesibilidad\/#breadcrumb","itemListElement":[{"@type":"ListItem","position":1,"name":"Home","item":"https:\/\/www.torresorthodontics.com\/es\/inicio\/"},{"@type":"ListItem","position":2,"name":"Declaraci\u00f3n de Accesibilidad"}]},{"@type":"WebSite","@id":"https:\/\/www.torresorthodontics.com\/#website","url":"https:\/\/www.torresorthodontics.com\/","name":"Torres Orthodontics","description":"Orthodontist Tampa Miami Lakes FL clear aligners Braces | Torres Orthodontics","publisher":{"@id":"https:\/\/www.torresorthodontics.com\/#organization"},"potentialAction":[{"@type":"SearchAction","target":{"@type":"EntryPoint","urlTemplate":"https:\/\/www.torresorthodontics.com\/?s={search_term_string}"},"query-input":{"@type":"PropertyValueSpecification","valueRequired":true,"valueName":"search_term_string"}}],"inLanguage":"es-ES"},{"@type":"Organization","@id":"https:\/\/www.torresorthodontics.com\/#organization","name":"Torres Orthodontics","url":"https:\/\/www.torresorthodontics.com\/","logo":{"@type":"ImageObject","inLanguage":"es-ES","@id":"https:\/\/www.torresorthodontics.com\/#\/schema\/logo\/image\/","url":"https:\/\/www.torresorthodontics.com\/wp-content\/uploads\/2022\/03\/torres-orthodontics-logo-horizontal.png","contentUrl":"https:\/\/www.torresorthodontics.com\/wp-content\/uploads\/2022\/03\/torres-orthodontics-logo-horizontal.png","width":1000,"height":366,"caption":"Torres Orthodontics"},"image":{"@id":"https:\/\/www.torresorthodontics.com\/#\/schema\/logo\/image\/"},"sameAs":["https:\/\/www.facebook.com\/torresortho\/"]}]}},"_links":{"self":[{"href":"https:\/\/www.torresorthodontics.com\/es\/wp-json\/wp\/v2\/pages\/6869","targetHints":{"allow":["GET"]}}],"collection":[{"href":"https:\/\/www.torresorthodontics.com\/es\/wp-json\/wp\/v2\/pages"}],"about":[{"href":"https:\/\/www.torresorthodontics.com\/es\/wp-json\/wp\/v2\/types\/page"}],"author":[{"embeddable":true,"href":"https:\/\/www.torresorthodontics.com\/es\/wp-json\/wp\/v2\/users\/2"}],"replies":[{"embeddable":true,"href":"https:\/\/www.torresorthodontics.com\/es\/wp-json\/wp\/v2\/comments?post=6869"}],"version-history":[{"count":4,"href":"https:\/\/www.torresorthodontics.com\/es\/wp-json\/wp\/v2\/pages\/6869\/revisions"}],"predecessor-version":[{"id":8544,"href":"https:\/\/www.torresorthodontics.com\/es\/wp-json\/wp\/v2\/pages\/6869\/revisions\/8544"}],"wp:attachment":[{"href":"https:\/\/www.torresorthodontics.com\/es\/wp-json\/wp\/v2\/media?parent=6869"}],"curies":[{"name":"wp","href":"https:\/\/api.w.org\/{rel}","templated":true}]}}