{"id":7169,"date":"2022-05-26T14:12:58","date_gmt":"2022-05-26T14:12:58","guid":{"rendered":"https:\/\/torresorthodontics.com\/tratamento-de-adolescentes\/"},"modified":"2025-05-14T21:19:30","modified_gmt":"2025-05-14T21:19:30","slug":"tratamento-de-adolescentes","status":"publish","type":"page","link":"https:\/\/www.torresorthodontics.com\/pt-br\/tratamento-de-adolescentes\/","title":{"rendered":"Tratamento de adolescentes"},"content":{"rendered":"\t\t<div data-elementor-type=\"wp-page\" data-elementor-id=\"7169\" class=\"elementor elementor-7169 elementor-4243\" data-elementor-post-type=\"page\">\n\t\t\t\t\t\t<section data-particle_enable=\"false\" data-particle-mobile-disabled=\"false\" class=\"elementor-section elementor-top-section elementor-element elementor-element-0f6ae11 elementor-section-boxed elementor-section-height-default elementor-section-height-default\" data-id=\"0f6ae11\" data-element_type=\"section\" data-e-type=\"section\">\n\t\t\t\t\t\t<div class=\"elementor-container elementor-column-gap-default\">\n\t\t\t\t\t<div class=\"elementor-column elementor-col-100 elementor-top-column elementor-element elementor-element-c8eb12a\" data-id=\"c8eb12a\" data-element_type=\"column\" data-e-type=\"column\">\n\t\t\t<div class=\"elementor-widget-wrap elementor-element-populated\">\n\t\t\t\t\t\t<div class=\"elementor-element elementor-element-9bb314b elementor-widget elementor-widget-text-editor\" data-id=\"9bb314b\" data-element_type=\"widget\" data-e-type=\"widget\" data-widget_type=\"text-editor.default\">\n\t\t\t\t<div class=\"elementor-widget-container\">\n\t\t\t\t\t\t\t\t\t<h2>Qual \u00e9 a melhor \u00e9poca para usar aparelho ortod\u00f4ntico?<\/h2><p>O momento ideal para o tratamento ortod\u00f4ntico \u00e9, em geral, entre os 11 e 15 anos de idade. Aos 12 anos, a maioria dos dentes permanentes j\u00e1 surgiu, permitindo que os ortodontistas resolvam problemas como dentes tortos, lacunas e desalinhamentos logo no in\u00edcio. <\/p><h3>Benef\u00edcios do tratamento<\/h3><p>A escolha do aparelho ortod\u00f4ntico durante a adolesc\u00eancia oferece v\u00e1rias vantagens:<\/p><ul><li><strong>Vida social<\/strong>: Muitos adolescentes se submetem a tratamento ortod\u00f4ntico, o que torna mais f\u00e1cil para as crian\u00e7as aceitarem o aparelho como uma parte normal do crescimento.<\/li><li><strong>Vantagem metab\u00f3lica<\/strong>: Os adolescentes geralmente t\u00eam um metabolismo mais r\u00e1pido, o que pode encurtar a dura\u00e7\u00e3o do tratamento e minimizar o desconforto.<\/li><\/ul><h2>Agende uma consulta gratuita com o Dr. Rodney Torres!<\/h2><p>D\u00ea o primeiro passo em dire\u00e7\u00e3o a um sorriso confiante. Entre em contato com a Torres Orthodontics hoje mesmo para agendar um exame inicial GRATUITO. Durante essa visita, <a href=\"https:\/\/www.torresorthodontics.com\/doctors\/meet-dr-torres\/\">o Dr. Rodney Torres<\/a> avaliar\u00e1 as necessidades ortod\u00f4nticas de seu filho e discutir\u00e1 o seguinte  <\/p><ul><li><strong>Plano de tratamento personalizado<\/strong>: Projetado especificamente para tratar das preocupa\u00e7\u00f5es odontol\u00f3gicas de seu filho.<\/li><li><strong>Cronograma de tratamento<\/strong>: Dura\u00e7\u00e3o estimada necess\u00e1ria para obter os melhores resultados.<\/li><li><strong>Considera\u00e7\u00f5es financeiras<\/strong>: Custos aproximados associados ao tratamento.<\/li><\/ul>\t\t\t\t\t\t\t\t<\/div>\n\t\t\t\t<\/div>\n\t\t\t\t\t<\/div>\n\t\t<\/div>\n\t\t\t\t\t<\/div>\n\t\t<\/section>\n\t\t\t\t<\/div>\n\t\t","protected":false},"excerpt":{"rendered":"<p>Qual \u00e9 a melhor \u00e9poca para usar aparelho ortod\u00f4ntico? O momento ideal para o tratamento ortod\u00f4ntico \u00e9, em geral, entre os 11 e 15 anos de idade. Aos 12 anos, a maioria dos dentes permanentes j\u00e1 surgiu, permitindo que os ortodontistas resolvam problemas como dentes tortos, lacunas e desalinhamentos logo no in\u00edcio. Benef\u00edcios do tratamento A escolha do [&hellip;]<\/p>\n","protected":false},"author":2,"featured_media":0,"parent":0,"menu_order":58,"comment_status":"closed","ping_status":"closed","template":"","meta":{"_seopress_robots_primary_cat":"","_seopress_titles_title":"Tratamento de adolescentes Tampa Miami Lakes FL | Torres Orthodontics","_seopress_titles_desc":"O momento ideal para o tratamento ortod\u00f4ntico \u00e9 geralmente entre as idades de 11 e 15 anos na Torres Orthodontics em Tampa e Miami Lakes, FL.","_seopress_robots_index":"","footnotes":"","_yoast_wpseo_focuskw":"","_yoast_wpseo_metadesc":"","_yoast_wpseo_linkdex":"","_yoast_wpseo_content_score":"","rank_math_focus_keyword":"","rank_math_description":"","rank_math_seo_score":""},"class_list":["post-7169","page","type-page","status-publish"],"yoast_head":"<!-- This site is optimized with the Yoast SEO plugin v27.5 - https:\/\/yoast.com\/product\/yoast-seo-wordpress\/ -->\n<title>Tratamento de adolescentes - Orthodontist Miami Lakes Tampa FL clear aligners Braces | Torres Orthodontics<\/title>\n<meta name=\"robots\" content=\"index, follow, max-snippet:-1, max-image-preview:large, max-video-preview:-1\" \/>\n<link rel=\"canonical\" href=\"https:\/\/www.torresorthodontics.com\/pt-br\/tratamento-de-adolescentes\/\" \/>\n<meta property=\"og:locale\" content=\"pt_BR\" \/>\n<meta property=\"og:type\" content=\"article\" \/>\n<meta property=\"og:title\" content=\"Tratamento de adolescentes - Orthodontist Miami Lakes Tampa FL clear aligners Braces | Torres Orthodontics\" \/>\n<meta property=\"og:description\" content=\"Qual \u00e9 a melhor \u00e9poca para usar aparelho ortod\u00f4ntico? O momento ideal para o tratamento ortod\u00f4ntico \u00e9, em geral, entre os 11 e 15 anos de idade. Aos 12 anos, a maioria dos dentes permanentes j\u00e1 surgiu, permitindo que os ortodontistas resolvam problemas como dentes tortos, lacunas e desalinhamentos logo no in\u00edcio. Benef\u00edcios do tratamento A escolha do [&hellip;]\" \/>\n<meta property=\"og:url\" content=\"https:\/\/www.torresorthodontics.com\/pt-br\/tratamento-de-adolescentes\/\" \/>\n<meta property=\"og:site_name\" content=\"Orthodontist Miami Lakes Tampa FL clear aligners Braces | Torres Orthodontics\" \/>\n<meta property=\"article:publisher\" content=\"https:\/\/www.facebook.com\/torresortho\/\" \/>\n<meta property=\"article:modified_time\" content=\"2025-05-14T21:19:30+00:00\" \/>\n<meta name=\"twitter:card\" content=\"summary_large_image\" \/>\n<meta name=\"twitter:label1\" content=\"Est. tempo de leitura\" \/>\n\t<meta name=\"twitter:data1\" content=\"1 minute\" \/>\n<script type=\"application\/ld+json\" class=\"yoast-schema-graph\">{\"@context\":\"https:\\\/\\\/schema.org\",\"@graph\":[{\"@type\":\"WebPage\",\"@id\":\"https:\\\/\\\/www.torresorthodontics.com\\\/pt-br\\\/tratamento-de-adolescentes\\\/\",\"url\":\"https:\\\/\\\/www.torresorthodontics.com\\\/pt-br\\\/tratamento-de-adolescentes\\\/\",\"name\":\"Tratamento de adolescentes - Orthodontist Miami Lakes Tampa FL clear aligners Braces | Torres Orthodontics\",\"isPartOf\":{\"@id\":\"https:\\\/\\\/www.torresorthodontics.com\\\/#website\"},\"datePublished\":\"2022-05-26T14:12:58+00:00\",\"dateModified\":\"2025-05-14T21:19:30+00:00\",\"breadcrumb\":{\"@id\":\"https:\\\/\\\/www.torresorthodontics.com\\\/pt-br\\\/tratamento-de-adolescentes\\\/#breadcrumb\"},\"inLanguage\":\"pt-BR\",\"potentialAction\":[{\"@type\":\"ReadAction\",\"target\":[\"https:\\\/\\\/www.torresorthodontics.com\\\/pt-br\\\/tratamento-de-adolescentes\\\/\"]}]},{\"@type\":\"BreadcrumbList\",\"@id\":\"https:\\\/\\\/www.torresorthodontics.com\\\/pt-br\\\/tratamento-de-adolescentes\\\/#breadcrumb\",\"itemListElement\":[{\"@type\":\"ListItem\",\"position\":1,\"name\":\"Home\",\"item\":\"https:\\\/\\\/www.torresorthodontics.com\\\/pt-br\\\/inicio\\\/\"},{\"@type\":\"ListItem\",\"position\":2,\"name\":\"Tratamento de adolescentes\"}]},{\"@type\":\"WebSite\",\"@id\":\"https:\\\/\\\/www.torresorthodontics.com\\\/#website\",\"url\":\"https:\\\/\\\/www.torresorthodontics.com\\\/\",\"name\":\"Torres Orthodontics\",\"description\":\"Orthodontist Tampa Miami Lakes FL clear aligners Braces | Torres Orthodontics\",\"publisher\":{\"@id\":\"https:\\\/\\\/www.torresorthodontics.com\\\/#organization\"},\"potentialAction\":[{\"@type\":\"SearchAction\",\"target\":{\"@type\":\"EntryPoint\",\"urlTemplate\":\"https:\\\/\\\/www.torresorthodontics.com\\\/?s={search_term_string}\"},\"query-input\":{\"@type\":\"PropertyValueSpecification\",\"valueRequired\":true,\"valueName\":\"search_term_string\"}}],\"inLanguage\":\"pt-BR\"},{\"@type\":\"Organization\",\"@id\":\"https:\\\/\\\/www.torresorthodontics.com\\\/#organization\",\"name\":\"Torres Orthodontics\",\"url\":\"https:\\\/\\\/www.torresorthodontics.com\\\/\",\"logo\":{\"@type\":\"ImageObject\",\"inLanguage\":\"pt-BR\",\"@id\":\"https:\\\/\\\/www.torresorthodontics.com\\\/#\\\/schema\\\/logo\\\/image\\\/\",\"url\":\"https:\\\/\\\/www.torresorthodontics.com\\\/wp-content\\\/uploads\\\/2022\\\/03\\\/torres-orthodontics-logo-horizontal.png\",\"contentUrl\":\"https:\\\/\\\/www.torresorthodontics.com\\\/wp-content\\\/uploads\\\/2022\\\/03\\\/torres-orthodontics-logo-horizontal.png\",\"width\":1000,\"height\":366,\"caption\":\"Torres Orthodontics\"},\"image\":{\"@id\":\"https:\\\/\\\/www.torresorthodontics.com\\\/#\\\/schema\\\/logo\\\/image\\\/\"},\"sameAs\":[\"https:\\\/\\\/www.facebook.com\\\/torresortho\\\/\"]}]}<\/script>\n<!-- \/ Yoast SEO plugin. -->","yoast_head_json":{"title":"Tratamento de adolescentes - Orthodontist Miami Lakes Tampa FL clear aligners Braces | Torres Orthodontics","robots":{"index":"index","follow":"follow","max-snippet":"max-snippet:-1","max-image-preview":"max-image-preview:large","max-video-preview":"max-video-preview:-1"},"canonical":"https:\/\/www.torresorthodontics.com\/pt-br\/tratamento-de-adolescentes\/","og_locale":"pt_BR","og_type":"article","og_title":"Tratamento de adolescentes - Orthodontist Miami Lakes Tampa FL clear aligners Braces | Torres Orthodontics","og_description":"Qual \u00e9 a melhor \u00e9poca para usar aparelho ortod\u00f4ntico? O momento ideal para o tratamento ortod\u00f4ntico \u00e9, em geral, entre os 11 e 15 anos de idade. Aos 12 anos, a maioria dos dentes permanentes j\u00e1 surgiu, permitindo que os ortodontistas resolvam problemas como dentes tortos, lacunas e desalinhamentos logo no in\u00edcio. Benef\u00edcios do tratamento A escolha do [&hellip;]","og_url":"https:\/\/www.torresorthodontics.com\/pt-br\/tratamento-de-adolescentes\/","og_site_name":"Orthodontist Miami Lakes Tampa FL clear aligners Braces | Torres Orthodontics","article_publisher":"https:\/\/www.facebook.com\/torresortho\/","article_modified_time":"2025-05-14T21:19:30+00:00","twitter_card":"summary_large_image","twitter_misc":{"Est. tempo de leitura":"1 minute"},"schema":{"@context":"https:\/\/schema.org","@graph":[{"@type":"WebPage","@id":"https:\/\/www.torresorthodontics.com\/pt-br\/tratamento-de-adolescentes\/","url":"https:\/\/www.torresorthodontics.com\/pt-br\/tratamento-de-adolescentes\/","name":"Tratamento de adolescentes - Orthodontist Miami Lakes Tampa FL clear aligners Braces | Torres Orthodontics","isPartOf":{"@id":"https:\/\/www.torresorthodontics.com\/#website"},"datePublished":"2022-05-26T14:12:58+00:00","dateModified":"2025-05-14T21:19:30+00:00","breadcrumb":{"@id":"https:\/\/www.torresorthodontics.com\/pt-br\/tratamento-de-adolescentes\/#breadcrumb"},"inLanguage":"pt-BR","potentialAction":[{"@type":"ReadAction","target":["https:\/\/www.torresorthodontics.com\/pt-br\/tratamento-de-adolescentes\/"]}]},{"@type":"BreadcrumbList","@id":"https:\/\/www.torresorthodontics.com\/pt-br\/tratamento-de-adolescentes\/#breadcrumb","itemListElement":[{"@type":"ListItem","position":1,"name":"Home","item":"https:\/\/www.torresorthodontics.com\/pt-br\/inicio\/"},{"@type":"ListItem","position":2,"name":"Tratamento de adolescentes"}]},{"@type":"WebSite","@id":"https:\/\/www.torresorthodontics.com\/#website","url":"https:\/\/www.torresorthodontics.com\/","name":"Torres Orthodontics","description":"Orthodontist Tampa Miami Lakes FL clear aligners Braces | Torres Orthodontics","publisher":{"@id":"https:\/\/www.torresorthodontics.com\/#organization"},"potentialAction":[{"@type":"SearchAction","target":{"@type":"EntryPoint","urlTemplate":"https:\/\/www.torresorthodontics.com\/?s={search_term_string}"},"query-input":{"@type":"PropertyValueSpecification","valueRequired":true,"valueName":"search_term_string"}}],"inLanguage":"pt-BR"},{"@type":"Organization","@id":"https:\/\/www.torresorthodontics.com\/#organization","name":"Torres Orthodontics","url":"https:\/\/www.torresorthodontics.com\/","logo":{"@type":"ImageObject","inLanguage":"pt-BR","@id":"https:\/\/www.torresorthodontics.com\/#\/schema\/logo\/image\/","url":"https:\/\/www.torresorthodontics.com\/wp-content\/uploads\/2022\/03\/torres-orthodontics-logo-horizontal.png","contentUrl":"https:\/\/www.torresorthodontics.com\/wp-content\/uploads\/2022\/03\/torres-orthodontics-logo-horizontal.png","width":1000,"height":366,"caption":"Torres Orthodontics"},"image":{"@id":"https:\/\/www.torresorthodontics.com\/#\/schema\/logo\/image\/"},"sameAs":["https:\/\/www.facebook.com\/torresortho\/"]}]}},"_links":{"self":[{"href":"https:\/\/www.torresorthodontics.com\/pt-br\/wp-json\/wp\/v2\/pages\/7169","targetHints":{"allow":["GET"]}}],"collection":[{"href":"https:\/\/www.torresorthodontics.com\/pt-br\/wp-json\/wp\/v2\/pages"}],"about":[{"href":"https:\/\/www.torresorthodontics.com\/pt-br\/wp-json\/wp\/v2\/types\/page"}],"author":[{"embeddable":true,"href":"https:\/\/www.torresorthodontics.com\/pt-br\/wp-json\/wp\/v2\/users\/2"}],"replies":[{"embeddable":true,"href":"https:\/\/www.torresorthodontics.com\/pt-br\/wp-json\/wp\/v2\/comments?post=7169"}],"version-history":[{"count":2,"href":"https:\/\/www.torresorthodontics.com\/pt-br\/wp-json\/wp\/v2\/pages\/7169\/revisions"}],"predecessor-version":[{"id":8445,"href":"https:\/\/www.torresorthodontics.com\/pt-br\/wp-json\/wp\/v2\/pages\/7169\/revisions\/8445"}],"wp:attachment":[{"href":"https:\/\/www.torresorthodontics.com\/pt-br\/wp-json\/wp\/v2\/media?parent=7169"}],"curies":[{"name":"wp","href":"https:\/\/api.w.org\/{rel}","templated":true}]}}