{"id":7206,"date":"2017-02-06T01:11:44","date_gmt":"2017-02-06T01:11:44","guid":{"rendered":"https:\/\/torresorthodontics.com\/mapa-do-site\/"},"modified":"2024-12-16T19:57:41","modified_gmt":"2024-12-16T19:57:41","slug":"mapa-do-site","status":"publish","type":"page","link":"https:\/\/www.torresorthodontics.com\/pt-br\/mapa-do-site\/","title":{"rendered":"Mapa do site"},"content":{"rendered":"\t\t<div data-elementor-type=\"wp-page\" data-elementor-id=\"7206\" class=\"elementor elementor-7206 elementor-644\" data-elementor-post-type=\"page\">\n\t\t\t\t<div data-particle_enable=\"false\" data-particle-mobile-disabled=\"false\" class=\"elementor-element elementor-element-a2df76b e-flex e-con-boxed e-con e-parent\" data-id=\"a2df76b\" data-element_type=\"container\" data-e-type=\"container\">\n\t\t\t\t\t<div class=\"e-con-inner\">\n\t\t<div data-particle_enable=\"false\" data-particle-mobile-disabled=\"false\" class=\"elementor-element elementor-element-a7b495b e-con-full e-flex e-con e-child\" data-id=\"a7b495b\" data-element_type=\"container\" data-e-type=\"container\">\n\t\t\t\t<div class=\"elementor-element elementor-element-0a865c5 elementor-widget elementor-widget-sitemap\" data-id=\"0a865c5\" data-element_type=\"widget\" data-e-type=\"widget\" data-widget_type=\"sitemap.default\">\n\t\t\t\t<div class=\"elementor-widget-container\">\n\t\t\t\t\t<div class=\"elementor-sitemap-wrap\"><div class=\"elementor-sitemap-section\"><h2 class=\"elementor-sitemap-title elementor-sitemap-page-title\">Pages<\/h2><ul class=\"elementor-sitemap-list elementor-sitemap-page-list\"><li class=\"elementor-sitemap-item elementor-sitemap-item-page page_item page-item-9217\"><a href=\"https:\/\/www.torresorthodontics.com\/pt-br\/bem-vindo-v2\/\">Consulta gratuita<\/a><\/li><li class=\"elementor-sitemap-item elementor-sitemap-item-page page_item page-item-8386\"><a href=\"https:\/\/www.torresorthodontics.com\/pt-br\/invisalign\/\">Invisalign<\/a><\/li><li class=\"elementor-sitemap-item elementor-sitemap-item-page page_item page-item-7219\"><a href=\"https:\/\/www.torresorthodontics.com\/pt-br\/\">In\u00edcio<\/a><\/li><li class=\"elementor-sitemap-item elementor-sitemap-item-page page_item page-item-7362\"><a href=\"https:\/\/www.torresorthodontics.com\/pt-br\/nosso-blog\/\">Nosso blog<\/a><\/li><li class=\"elementor-sitemap-item elementor-sitemap-item-page page_item page-item-7125\"><a href=\"https:\/\/www.torresorthodontics.com\/pt-br\/localizacao-em-miami-lakes\/\">Localiza\u00e7\u00e3o em Miami Lakes<\/a><\/li><li class=\"elementor-sitemap-item elementor-sitemap-item-page page_item page-item-7130\"><a href=\"https:\/\/www.torresorthodontics.com\/pt-br\/localizacao-em-tampa\/\">Localiza\u00e7\u00e3o em Tampa<\/a><\/li><li class=\"elementor-sitemap-item elementor-sitemap-item-page page_item page-item-7131\"><a href=\"https:\/\/www.torresorthodontics.com\/pt-br\/localizacao-em-boca-raton\/\">Localiza\u00e7\u00e3o em Boca Raton<\/a><\/li><li class=\"elementor-sitemap-item elementor-sitemap-item-page page_item page-item-7122\"><a href=\"https:\/\/www.torresorthodontics.com\/pt-br\/localizacao-em-west-chase\/\">Localiza\u00e7\u00e3o em West Chase<\/a><\/li><li class=\"elementor-sitemap-item elementor-sitemap-item-page page_item page-item-7204\"><a href=\"https:\/\/www.torresorthodontics.com\/pt-br\/nossa-equipe\/\">Nossa equipe<\/a><\/li><li class=\"elementor-sitemap-item elementor-sitemap-item-page page_item page-item-7181\"><a href=\"https:\/\/www.torresorthodontics.com\/pt-br\/por-que-voce-nos-escolheu\/\">Por que voc\u00ea nos escolheu<\/a><\/li><li class=\"elementor-sitemap-item elementor-sitemap-item-page page_item page-item-7124\"><a href=\"https:\/\/www.torresorthodontics.com\/pt-br\/visita-ao-escritorio\/\">Visita ao escrit\u00f3rio<\/a><\/li><li class=\"elementor-sitemap-item elementor-sitemap-item-page page_item page-item-7158\"><a href=\"https:\/\/www.torresorthodontics.com\/pt-br\/retribuicao\/\">Retribui\u00e7\u00e3o<\/a><\/li><li class=\"elementor-sitemap-item elementor-sitemap-item-page page_item page-item-7184\"><a href=\"https:\/\/www.torresorthodontics.com\/pt-br\/primeira-visita\/\">Primeira visita<\/a><\/li><li class=\"elementor-sitemap-item elementor-sitemap-item-page page_item page-item-7200\"><a href=\"https:\/\/www.torresorthodontics.com\/pt-br\/seguro-e-financiamento\/\">Seguro e financiamento<\/a><\/li><li class=\"elementor-sitemap-item elementor-sitemap-item-page page_item page-item-7172\"><a href=\"https:\/\/www.torresorthodontics.com\/pt-br\/tecnologia-avancada\/\">Tecnologia avan\u00e7ada<\/a><\/li><li class=\"elementor-sitemap-item elementor-sitemap-item-page page_item page-item-7166\"><a href=\"https:\/\/www.torresorthodontics.com\/pt-br\/recursos-para-pacientes\/\">Recursos para pacientes<\/a><\/li><li class=\"elementor-sitemap-item elementor-sitemap-item-page page_item page-item-7182\"><a href=\"https:\/\/www.torresorthodontics.com\/pt-br\/perguntas-frequentes\/\">PERGUNTAS FREQUENTES<\/a><\/li><li class=\"elementor-sitemap-item elementor-sitemap-item-page page_item page-item-7240\"><a href=\"https:\/\/www.torresorthodontics.com\/pt-br\/ortodontia-precoce\/\">Ortodontia precoce<\/a><\/li><li class=\"elementor-sitemap-item elementor-sitemap-item-page page_item page-item-7169\"><a href=\"https:\/\/www.torresorthodontics.com\/pt-br\/tratamento-de-adolescentes\/\">Tratamento de adolescentes<\/a><\/li><li class=\"elementor-sitemap-item elementor-sitemap-item-page page_item page-item-7190\"><a href=\"https:\/\/www.torresorthodontics.com\/pt-br\/ortodontia-para-adultos\/\">Ortodontia para adultos<\/a><\/li><li class=\"elementor-sitemap-item elementor-sitemap-item-page page_item page-item-7176\"><a href=\"https:\/\/www.torresorthodontics.com\/pt-br\/tipos-de-aparelhos-ortodonticos\/\">Tipos de aparelhos ortod\u00f4nticos<\/a><\/li><li class=\"elementor-sitemap-item elementor-sitemap-item-page page_item page-item-7168\"><a href=\"https:\/\/www.torresorthodontics.com\/pt-br\/tudo-sobre-aparelhos-ortodonticos\/\">Tudo sobre aparelhos ortod\u00f4nticos<\/a><\/li><li class=\"elementor-sitemap-item elementor-sitemap-item-page page_item page-item-7141\"><a href=\"https:\/\/www.torresorthodontics.com\/pt-br\/antes-e-depois\/\">Antes e depois<\/a><\/li><li class=\"elementor-sitemap-item elementor-sitemap-item-page page_item page-item-7237\"><a href=\"https:\/\/www.torresorthodontics.com\/pt-br\/retentores-ortodonticos\/\">Retentores ortod\u00f4nticos<\/a><\/li><li class=\"elementor-sitemap-item elementor-sitemap-item-page page_item page-item-7142\"><a href=\"https:\/\/www.torresorthodontics.com\/pt-br\/tratamentos-comuns\/\">Tratamentos comuns<\/a><\/li><li class=\"elementor-sitemap-item elementor-sitemap-item-page page_item page-item-7137\"><a href=\"https:\/\/www.torresorthodontics.com\/pt-br\/alinhadores-transparentes\/\">Alinhadores transparentes<\/a><\/li><li class=\"elementor-sitemap-item elementor-sitemap-item-page page_item page-item-7128\"><a href=\"https:\/\/www.torresorthodontics.com\/pt-br\/agendar-uma-consulta\/\">Agendar uma consulta<\/a><\/li><li class=\"elementor-sitemap-item elementor-sitemap-item-page page_item page-item-7335\"><a href=\"https:\/\/www.torresorthodontics.com\/pt-br\/portal-do-paciente\/\">Portal do paciente<\/a><\/li><li class=\"elementor-sitemap-item elementor-sitemap-item-page page_item page-item-7206\"><a href=\"https:\/\/www.torresorthodontics.com\/pt-br\/mapa-do-site\/\">Mapa do site<\/a><\/li><li class=\"elementor-sitemap-item elementor-sitemap-item-page page_item page-item-7201\"><a href=\"https:\/\/www.torresorthodontics.com\/pt-br\/politica-de-privacidade\/\">Pol\u00edtica de privacidade<\/a><\/li><li class=\"elementor-sitemap-item elementor-sitemap-item-page page_item page-item-7196\"><a href=\"https:\/\/www.torresorthodontics.com\/pt-br\/politica-antispam\/\">Pol\u00edtica antispam<\/a><\/li><li class=\"elementor-sitemap-item elementor-sitemap-item-page page_item page-item-7191\"><a href=\"https:\/\/www.torresorthodontics.com\/pt-br\/declaracao-de-acessibilidade\/\">Declara\u00e7\u00e3o de acessibilidade<\/a><\/li><\/ul><\/div><\/div>\t\t\t\t<\/div>\n\t\t\t\t<\/div>\n\t\t\t\t<\/div>\n\t\t<div data-particle_enable=\"false\" data-particle-mobile-disabled=\"false\" class=\"elementor-element elementor-element-cbba084 e-con-full e-flex e-con e-child\" data-id=\"cbba084\" data-element_type=\"container\" data-e-type=\"container\">\n\t\t\t\t<div class=\"elementor-element elementor-element-36175c2 elementor-widget elementor-widget-sitemap\" data-id=\"36175c2\" data-element_type=\"widget\" data-e-type=\"widget\" data-widget_type=\"sitemap.default\">\n\t\t\t\t<div class=\"elementor-widget-container\">\n\t\t\t\t\t<div class=\"elementor-sitemap-wrap\"><div class=\"elementor-sitemap-section\"><h2 class=\"elementor-sitemap-title elementor-sitemap-doctor-title\">Doctor<\/h2><ul class=\"elementor-sitemap-list elementor-sitemap-doctor-list\"><li class=\"elementor-sitemap-item elementor-sitemap-item-doctor page_item page-item-271\"><a href=\"https:\/\/www.torresorthodontics.com\/pt-br\/doctors\/meet-dr-torres\/\">Meet Dr. Rodney Torres<\/a><\/li><\/ul><\/div><\/div>\t\t\t\t<\/div>\n\t\t\t\t<\/div>\n\t\t\t\t<\/div>\n\t\t<div data-particle_enable=\"false\" data-particle-mobile-disabled=\"false\" class=\"elementor-element elementor-element-2728b36 e-con-full e-flex e-con e-child\" data-id=\"2728b36\" data-element_type=\"container\" data-e-type=\"container\">\n\t\t\t\t<div class=\"elementor-element elementor-element-06b9246 elementor-widget elementor-widget-heading\" data-id=\"06b9246\" data-element_type=\"widget\" data-e-type=\"widget\" data-widget_type=\"heading.default\">\n\t\t\t\t<div class=\"elementor-widget-container\">\n\t\t\t\t\t<h2 class=\"elementor-heading-title elementor-size-default\">Locais<\/h2>\t\t\t\t<\/div>\n\t\t\t\t<\/div>\n\t\t\t\t<div class=\"elementor-element elementor-element-44d5bdf elementor-widget elementor-widget-text-editor\" data-id=\"44d5bdf\" data-element_type=\"widget\" data-e-type=\"widget\" data-widget_type=\"text-editor.default\">\n\t\t\t\t<div class=\"elementor-widget-container\">\n\t\t\t\t\t\t\t\t\t<ul>\n<li><a href=\"https:\/\/www.torresorthodontics.com\/pt-br\/localizacao-em-tampa\/\">Localiza\u00e7\u00e3o em Tampa<\/a><\/li>\n<li><a href=\"https:\/\/www.torresorthodontics.com\/pt-br\/localizacao-em-miami-lakes\/\">Localiza\u00e7\u00e3o em Miami Lakes<\/a><\/li>\n<li><a href=\"https:\/\/www.torresorthodontics.com\/pt-br\/localizacao-em-boca-raton\/\">Localiza\u00e7\u00e3o em Boca Raton<\/a><\/li>\n<\/ul>\n\t\t\t\t\t\t\t\t<\/div>\n\t\t\t\t<\/div>\n\t\t\t\t<\/div>\n\t\t\t\t\t<\/div>\n\t\t\t\t<\/div>\n\t\t\t\t<\/div>\n\t\t","protected":false},"excerpt":{"rendered":"<p>Locais Localiza\u00e7\u00e3o em Tampa Localiza\u00e7\u00e3o em Miami Lakes Localiza\u00e7\u00e3o em Boca Raton<\/p>\n","protected":false},"author":2,"featured_media":0,"parent":0,"menu_order":88,"comment_status":"closed","ping_status":"closed","template":"elementor_theme","meta":{"_seopress_robots_primary_cat":"","_seopress_titles_title":"Mapa do site da Torres Orthodontics em Tampa Miami Lakes Boca Raton FL","_seopress_titles_desc":"O mapa do site est\u00e1 localizado na parte inferior do site da Torres Orthodontics em Tampa, Miami Lakes e Boca Raton, FL.","_seopress_robots_index":"","footnotes":"","_yoast_wpseo_focuskw":"","_yoast_wpseo_metadesc":"O mapa do site est\u00e1 localizado na parte inferior do site do ortodontista Dr. NAME at PRACTICE NAME in CITY ST","_yoast_wpseo_linkdex":"","_yoast_wpseo_content_score":"","rank_math_focus_keyword":"","rank_math_description":"","rank_math_seo_score":""},"class_list":["post-7206","page","type-page","status-publish"],"yoast_head":"<!-- This site is optimized with the Yoast SEO plugin v27.5 - https:\/\/yoast.com\/product\/yoast-seo-wordpress\/ -->\n<title>Mapa do site [practice name] [city st]<\/title>\n<meta name=\"description\" content=\"O mapa do site est\u00e1 localizado na parte inferior do site do ortodontista Dr. NAME at PRACTICE NAME in CITY ST\" \/>\n<meta name=\"robots\" content=\"index, follow, max-snippet:-1, max-image-preview:large, max-video-preview:-1\" \/>\n<link rel=\"canonical\" href=\"https:\/\/www.torresorthodontics.com\/sitemap-2\/\" \/>\n<meta property=\"og:locale\" content=\"pt_BR\" \/>\n<meta property=\"og:type\" content=\"article\" \/>\n<meta property=\"og:title\" content=\"Mapa do site [practice name] [city st]\" \/>\n<meta property=\"og:description\" content=\"O mapa do site est\u00e1 localizado na parte inferior do site do ortodontista Dr. NAME at PRACTICE NAME in CITY ST\" \/>\n<meta property=\"og:url\" content=\"https:\/\/www.torresorthodontics.com\/sitemap-2\/\" \/>\n<meta property=\"og:site_name\" content=\"Orthodontist Miami Lakes Tampa FL clear aligners Braces | Torres Orthodontics\" \/>\n<meta property=\"article:publisher\" content=\"https:\/\/www.facebook.com\/torresortho\/\" \/>\n<meta property=\"article:modified_time\" content=\"2024-12-16T19:57:41+00:00\" \/>\n<meta name=\"twitter:card\" content=\"summary_large_image\" \/>\n<script type=\"application\/ld+json\" class=\"yoast-schema-graph\">{\"@context\":\"https:\\\/\\\/schema.org\",\"@graph\":[{\"@type\":\"WebPage\",\"@id\":\"https:\\\/\\\/www.torresorthodontics.com\\\/sitemap-2\\\/\",\"url\":\"https:\\\/\\\/www.torresorthodontics.com\\\/sitemap-2\\\/\",\"name\":\"Mapa do site [practice name] [city st]\",\"isPartOf\":{\"@id\":\"https:\\\/\\\/www.torresorthodontics.com\\\/#website\"},\"datePublished\":\"2017-02-06T01:11:44+00:00\",\"dateModified\":\"2024-12-16T19:57:41+00:00\",\"description\":\"O mapa do site est\u00e1 localizado na parte inferior do site do ortodontista Dr. NAME at PRACTICE NAME in CITY ST\",\"breadcrumb\":{\"@id\":\"https:\\\/\\\/www.torresorthodontics.com\\\/sitemap-2\\\/#breadcrumb\"},\"inLanguage\":\"pt-BR\",\"potentialAction\":[{\"@type\":\"ReadAction\",\"target\":[\"https:\\\/\\\/www.torresorthodontics.com\\\/sitemap-2\\\/\"]}]},{\"@type\":\"BreadcrumbList\",\"@id\":\"https:\\\/\\\/www.torresorthodontics.com\\\/sitemap-2\\\/#breadcrumb\",\"itemListElement\":[{\"@type\":\"ListItem\",\"position\":1,\"name\":\"Home\",\"item\":\"https:\\\/\\\/www.torresorthodontics.com\\\/pt-br\\\/inicio\\\/\"},{\"@type\":\"ListItem\",\"position\":2,\"name\":\"Mapa do site\"}]},{\"@type\":\"WebSite\",\"@id\":\"https:\\\/\\\/www.torresorthodontics.com\\\/#website\",\"url\":\"https:\\\/\\\/www.torresorthodontics.com\\\/\",\"name\":\"Torres Orthodontics\",\"description\":\"Orthodontist Tampa Miami Lakes FL clear aligners Braces | Torres Orthodontics\",\"publisher\":{\"@id\":\"https:\\\/\\\/www.torresorthodontics.com\\\/#organization\"},\"potentialAction\":[{\"@type\":\"SearchAction\",\"target\":{\"@type\":\"EntryPoint\",\"urlTemplate\":\"https:\\\/\\\/www.torresorthodontics.com\\\/?s={search_term_string}\"},\"query-input\":{\"@type\":\"PropertyValueSpecification\",\"valueRequired\":true,\"valueName\":\"search_term_string\"}}],\"inLanguage\":\"pt-BR\"},{\"@type\":\"Organization\",\"@id\":\"https:\\\/\\\/www.torresorthodontics.com\\\/#organization\",\"name\":\"Torres Orthodontics\",\"url\":\"https:\\\/\\\/www.torresorthodontics.com\\\/\",\"logo\":{\"@type\":\"ImageObject\",\"inLanguage\":\"pt-BR\",\"@id\":\"https:\\\/\\\/www.torresorthodontics.com\\\/#\\\/schema\\\/logo\\\/image\\\/\",\"url\":\"https:\\\/\\\/www.torresorthodontics.com\\\/wp-content\\\/uploads\\\/2022\\\/03\\\/torres-orthodontics-logo-horizontal.png\",\"contentUrl\":\"https:\\\/\\\/www.torresorthodontics.com\\\/wp-content\\\/uploads\\\/2022\\\/03\\\/torres-orthodontics-logo-horizontal.png\",\"width\":1000,\"height\":366,\"caption\":\"Torres Orthodontics\"},\"image\":{\"@id\":\"https:\\\/\\\/www.torresorthodontics.com\\\/#\\\/schema\\\/logo\\\/image\\\/\"},\"sameAs\":[\"https:\\\/\\\/www.facebook.com\\\/torresortho\\\/\"]}]}<\/script>\n<!-- \/ Yoast SEO plugin. -->","yoast_head_json":{"title":"Mapa do site [practice name] [city st]","description":"O mapa do site est\u00e1 localizado na parte inferior do site do ortodontista Dr. NAME at PRACTICE NAME in CITY ST","robots":{"index":"index","follow":"follow","max-snippet":"max-snippet:-1","max-image-preview":"max-image-preview:large","max-video-preview":"max-video-preview:-1"},"canonical":"https:\/\/www.torresorthodontics.com\/sitemap-2\/","og_locale":"pt_BR","og_type":"article","og_title":"Mapa do site [practice name] [city st]","og_description":"O mapa do site est\u00e1 localizado na parte inferior do site do ortodontista Dr. NAME at PRACTICE NAME in CITY ST","og_url":"https:\/\/www.torresorthodontics.com\/sitemap-2\/","og_site_name":"Orthodontist Miami Lakes Tampa FL clear aligners Braces | Torres Orthodontics","article_publisher":"https:\/\/www.facebook.com\/torresortho\/","article_modified_time":"2024-12-16T19:57:41+00:00","twitter_card":"summary_large_image","schema":{"@context":"https:\/\/schema.org","@graph":[{"@type":"WebPage","@id":"https:\/\/www.torresorthodontics.com\/sitemap-2\/","url":"https:\/\/www.torresorthodontics.com\/sitemap-2\/","name":"Mapa do site [practice name] [city st]","isPartOf":{"@id":"https:\/\/www.torresorthodontics.com\/#website"},"datePublished":"2017-02-06T01:11:44+00:00","dateModified":"2024-12-16T19:57:41+00:00","description":"O mapa do site est\u00e1 localizado na parte inferior do site do ortodontista Dr. NAME at PRACTICE NAME in CITY ST","breadcrumb":{"@id":"https:\/\/www.torresorthodontics.com\/sitemap-2\/#breadcrumb"},"inLanguage":"pt-BR","potentialAction":[{"@type":"ReadAction","target":["https:\/\/www.torresorthodontics.com\/sitemap-2\/"]}]},{"@type":"BreadcrumbList","@id":"https:\/\/www.torresorthodontics.com\/sitemap-2\/#breadcrumb","itemListElement":[{"@type":"ListItem","position":1,"name":"Home","item":"https:\/\/www.torresorthodontics.com\/pt-br\/inicio\/"},{"@type":"ListItem","position":2,"name":"Mapa do site"}]},{"@type":"WebSite","@id":"https:\/\/www.torresorthodontics.com\/#website","url":"https:\/\/www.torresorthodontics.com\/","name":"Torres Orthodontics","description":"Orthodontist Tampa Miami Lakes FL clear aligners Braces | Torres Orthodontics","publisher":{"@id":"https:\/\/www.torresorthodontics.com\/#organization"},"potentialAction":[{"@type":"SearchAction","target":{"@type":"EntryPoint","urlTemplate":"https:\/\/www.torresorthodontics.com\/?s={search_term_string}"},"query-input":{"@type":"PropertyValueSpecification","valueRequired":true,"valueName":"search_term_string"}}],"inLanguage":"pt-BR"},{"@type":"Organization","@id":"https:\/\/www.torresorthodontics.com\/#organization","name":"Torres Orthodontics","url":"https:\/\/www.torresorthodontics.com\/","logo":{"@type":"ImageObject","inLanguage":"pt-BR","@id":"https:\/\/www.torresorthodontics.com\/#\/schema\/logo\/image\/","url":"https:\/\/www.torresorthodontics.com\/wp-content\/uploads\/2022\/03\/torres-orthodontics-logo-horizontal.png","contentUrl":"https:\/\/www.torresorthodontics.com\/wp-content\/uploads\/2022\/03\/torres-orthodontics-logo-horizontal.png","width":1000,"height":366,"caption":"Torres Orthodontics"},"image":{"@id":"https:\/\/www.torresorthodontics.com\/#\/schema\/logo\/image\/"},"sameAs":["https:\/\/www.facebook.com\/torresortho\/"]}]}},"_links":{"self":[{"href":"https:\/\/www.torresorthodontics.com\/pt-br\/wp-json\/wp\/v2\/pages\/7206","targetHints":{"allow":["GET"]}}],"collection":[{"href":"https:\/\/www.torresorthodontics.com\/pt-br\/wp-json\/wp\/v2\/pages"}],"about":[{"href":"https:\/\/www.torresorthodontics.com\/pt-br\/wp-json\/wp\/v2\/types\/page"}],"author":[{"embeddable":true,"href":"https:\/\/www.torresorthodontics.com\/pt-br\/wp-json\/wp\/v2\/users\/2"}],"replies":[{"embeddable":true,"href":"https:\/\/www.torresorthodontics.com\/pt-br\/wp-json\/wp\/v2\/comments?post=7206"}],"version-history":[{"count":1,"href":"https:\/\/www.torresorthodontics.com\/pt-br\/wp-json\/wp\/v2\/pages\/7206\/revisions"}],"predecessor-version":[{"id":7215,"href":"https:\/\/www.torresorthodontics.com\/pt-br\/wp-json\/wp\/v2\/pages\/7206\/revisions\/7215"}],"wp:attachment":[{"href":"https:\/\/www.torresorthodontics.com\/pt-br\/wp-json\/wp\/v2\/media?parent=7206"}],"curies":[{"name":"wp","href":"https:\/\/api.w.org\/{rel}","templated":true}]}}