{"id":7335,"date":"2024-11-11T18:00:22","date_gmt":"2024-11-11T18:00:22","guid":{"rendered":"https:\/\/torresorthodontics.com\/portal-do-paciente\/"},"modified":"2024-12-16T19:57:41","modified_gmt":"2024-12-16T19:57:41","slug":"portal-do-paciente","status":"publish","type":"page","link":"https:\/\/www.torresorthodontics.com\/pt-br\/portal-do-paciente\/","title":{"rendered":"Portal do paciente"},"content":{"rendered":"\t\t<div data-elementor-type=\"wp-page\" data-elementor-id=\"7335\" class=\"elementor elementor-7335 elementor-7331\" data-elementor-post-type=\"page\">\n\t\t\t\t<div data-particle_enable=\"false\" data-particle-mobile-disabled=\"false\" class=\"elementor-element elementor-element-e986f86 e-flex e-con-boxed e-con e-parent\" data-id=\"e986f86\" data-element_type=\"container\" data-e-type=\"container\">\n\t\t\t\t\t<div class=\"e-con-inner\">\n\t\t\t\t<div class=\"elementor-element elementor-element-2744a26 elementor-widget elementor-widget-text-editor\" data-id=\"2744a26\" data-element_type=\"widget\" data-e-type=\"widget\" data-widget_type=\"text-editor.default\">\n\t\t\t\t<div class=\"elementor-widget-container\">\n\t\t\t\t\t\t\t\t\t<p>Escolha o local de sua prefer\u00eancia para acessar o Portal do Paciente.<\/p>\n<p>Nossa equipe est\u00e1 pronta para oferecer a voc\u00ea um servi\u00e7o de primeira linha, onde quer que voc\u00ea escolha nos visitar.  <\/p>\n\t\t\t\t\t\t\t\t<\/div>\n\t\t\t\t<\/div>\n\t\t<div data-particle_enable=\"false\" data-particle-mobile-disabled=\"false\" class=\"elementor-element elementor-element-55f82e2 e-grid e-con-boxed e-con e-child\" data-id=\"55f82e2\" data-element_type=\"container\" data-e-type=\"container\">\n\t\t\t\t\t<div class=\"e-con-inner\">\n\t\t\t\t<div class=\"elementor-element elementor-element-0bb1f2d elementor-view-default elementor-position-block-start elementor-mobile-position-block-start elementor-widget elementor-widget-icon-box\" data-id=\"0bb1f2d\" data-element_type=\"widget\" data-e-type=\"widget\" data-widget_type=\"icon-box.default\">\n\t\t\t\t<div class=\"elementor-widget-container\">\n\t\t\t\t\t\t\t<div class=\"elementor-icon-box-wrapper\">\n\n\t\t\t\t\t\t<div class=\"elementor-icon-box-icon\">\n\t\t\t\t<a href=\"https:\/\/patients.waveortho.com\/?cid=7DC472E34A\" class=\"elementor-icon\" tabindex=\"-1\" aria-label=\"Tampa\">\n\t\t\t\t<i aria-hidden=\"true\" class=\"fas fa-portrait\"><\/i>\t\t\t\t<\/a>\n\t\t\t<\/div>\n\t\t\t\n\t\t\t\t\t\t<div class=\"elementor-icon-box-content\">\n\n\t\t\t\t\t\t\t\t\t<h3 class=\"elementor-icon-box-title\">\n\t\t\t\t\t\t<a href=\"https:\/\/patients.waveortho.com\/?cid=7DC472E34A\" >\n\t\t\t\t\t\t\tTampa\t\t\t\t\t\t<\/a>\n\t\t\t\t\t<\/h3>\n\t\t\t\t\n\t\t\t\t\n\t\t\t<\/div>\n\t\t\t\n\t\t<\/div>\n\t\t\t\t\t\t<\/div>\n\t\t\t\t<\/div>\n\t\t\t\t<div class=\"elementor-element elementor-element-ed1c36d elementor-view-default elementor-position-block-start elementor-mobile-position-block-start elementor-widget elementor-widget-icon-box\" data-id=\"ed1c36d\" data-element_type=\"widget\" data-e-type=\"widget\" data-widget_type=\"icon-box.default\">\n\t\t\t\t<div class=\"elementor-widget-container\">\n\t\t\t\t\t\t\t<div class=\"elementor-icon-box-wrapper\">\n\n\t\t\t\t\t\t<div class=\"elementor-icon-box-icon\">\n\t\t\t\t<a href=\"https:\/\/patients.waveortho.com\/?cid=CF437A4861\" class=\"elementor-icon\" tabindex=\"-1\" aria-label=\"Miami Lakes\">\n\t\t\t\t<i aria-hidden=\"true\" class=\"fas fa-portrait\"><\/i>\t\t\t\t<\/a>\n\t\t\t<\/div>\n\t\t\t\n\t\t\t\t\t\t<div class=\"elementor-icon-box-content\">\n\n\t\t\t\t\t\t\t\t\t<h3 class=\"elementor-icon-box-title\">\n\t\t\t\t\t\t<a href=\"https:\/\/patients.waveortho.com\/?cid=CF437A4861\" >\n\t\t\t\t\t\t\tMiami Lakes\t\t\t\t\t\t<\/a>\n\t\t\t\t\t<\/h3>\n\t\t\t\t\n\t\t\t\t\n\t\t\t<\/div>\n\t\t\t\n\t\t<\/div>\n\t\t\t\t\t\t<\/div>\n\t\t\t\t<\/div>\n\t\t\t\t<div class=\"elementor-element elementor-element-4fe14e4 elementor-view-default elementor-position-block-start elementor-mobile-position-block-start elementor-widget elementor-widget-icon-box\" data-id=\"4fe14e4\" data-element_type=\"widget\" data-e-type=\"widget\" data-widget_type=\"icon-box.default\">\n\t\t\t\t<div class=\"elementor-widget-container\">\n\t\t\t\t\t\t\t<div class=\"elementor-icon-box-wrapper\">\n\n\t\t\t\t\t\t<div class=\"elementor-icon-box-icon\">\n\t\t\t\t<a href=\"https:\/\/patients.waveortho.com\/?cid=CF437A4861\" class=\"elementor-icon\" tabindex=\"-1\" aria-label=\"Boca Raton\">\n\t\t\t\t<i aria-hidden=\"true\" class=\"fas fa-portrait\"><\/i>\t\t\t\t<\/a>\n\t\t\t<\/div>\n\t\t\t\n\t\t\t\t\t\t<div class=\"elementor-icon-box-content\">\n\n\t\t\t\t\t\t\t\t\t<h3 class=\"elementor-icon-box-title\">\n\t\t\t\t\t\t<a href=\"https:\/\/patients.waveortho.com\/?cid=CF437A4861\" >\n\t\t\t\t\t\t\tBoca Raton\t\t\t\t\t\t<\/a>\n\t\t\t\t\t<\/h3>\n\t\t\t\t\n\t\t\t\t\n\t\t\t<\/div>\n\t\t\t\n\t\t<\/div>\n\t\t\t\t\t\t<\/div>\n\t\t\t\t<\/div>\n\t\t\t\t\t<\/div>\n\t\t\t\t<\/div>\n\t\t\t\t\t<\/div>\n\t\t\t\t<\/div>\n\t\t\t\t<\/div>\n\t\t","protected":false},"excerpt":{"rendered":"<p>Escolha o local de sua prefer\u00eancia para acessar o Portal do Paciente. Nossa equipe est\u00e1 pronta para oferecer a voc\u00ea um servi\u00e7o de primeira linha, onde quer que voc\u00ea escolha nos visitar. Tampa Miami Lakes Boca Raton<\/p>\n","protected":false},"author":1,"featured_media":0,"parent":0,"menu_order":87,"comment_status":"closed","ping_status":"closed","template":"","meta":{"_seopress_robots_primary_cat":"","_seopress_titles_title":"Marque uma consulta na Torres Orthodontics em Tampa Miami Lakes Boca Raton FL","_seopress_titles_desc":"Entre em contato com a Torres Orthodontics, localizada em Tampa, Miami Lakes e Boca Raton, FL Aparelhos ortod\u00f4nticos e Invisalign para todas as idades.  ","_seopress_robots_index":"","footnotes":"","_yoast_wpseo_focuskw":"","_yoast_wpseo_metadesc":"","_yoast_wpseo_linkdex":"","_yoast_wpseo_content_score":"","rank_math_focus_keyword":"","rank_math_description":"","rank_math_seo_score":""},"class_list":["post-7335","page","type-page","status-publish"],"yoast_head":"<!-- This site is optimized with the Yoast SEO plugin v27.5 - https:\/\/yoast.com\/product\/yoast-seo-wordpress\/ -->\n<title>Portal do paciente - Orthodontist Miami Lakes Tampa FL clear aligners Braces | Torres Orthodontics<\/title>\n<meta name=\"robots\" content=\"index, follow, max-snippet:-1, max-image-preview:large, max-video-preview:-1\" \/>\n<link rel=\"canonical\" href=\"https:\/\/www.torresorthodontics.com\/pt-br\/portal-do-paciente\/\" \/>\n<meta property=\"og:locale\" content=\"pt_BR\" \/>\n<meta property=\"og:type\" content=\"article\" \/>\n<meta property=\"og:title\" content=\"Portal do paciente - Orthodontist Miami Lakes Tampa FL clear aligners Braces | Torres Orthodontics\" \/>\n<meta property=\"og:description\" content=\"Escolha o local de sua prefer\u00eancia para acessar o Portal do Paciente. Nossa equipe est\u00e1 pronta para oferecer a voc\u00ea um servi\u00e7o de primeira linha, onde quer que voc\u00ea escolha nos visitar. Tampa Miami Lakes Boca Raton\" \/>\n<meta property=\"og:url\" content=\"https:\/\/www.torresorthodontics.com\/pt-br\/portal-do-paciente\/\" \/>\n<meta property=\"og:site_name\" content=\"Orthodontist Miami Lakes Tampa FL clear aligners Braces | Torres Orthodontics\" \/>\n<meta property=\"article:publisher\" content=\"https:\/\/www.facebook.com\/torresortho\/\" \/>\n<meta property=\"article:modified_time\" content=\"2024-12-16T19:57:41+00:00\" \/>\n<meta name=\"twitter:card\" content=\"summary_large_image\" \/>\n<script type=\"application\/ld+json\" class=\"yoast-schema-graph\">{\"@context\":\"https:\\\/\\\/schema.org\",\"@graph\":[{\"@type\":\"WebPage\",\"@id\":\"https:\\\/\\\/www.torresorthodontics.com\\\/pt-br\\\/portal-do-paciente\\\/\",\"url\":\"https:\\\/\\\/www.torresorthodontics.com\\\/pt-br\\\/portal-do-paciente\\\/\",\"name\":\"Portal do paciente - Orthodontist Miami Lakes Tampa FL clear aligners Braces | Torres Orthodontics\",\"isPartOf\":{\"@id\":\"https:\\\/\\\/www.torresorthodontics.com\\\/#website\"},\"datePublished\":\"2024-11-11T18:00:22+00:00\",\"dateModified\":\"2024-12-16T19:57:41+00:00\",\"breadcrumb\":{\"@id\":\"https:\\\/\\\/www.torresorthodontics.com\\\/pt-br\\\/portal-do-paciente\\\/#breadcrumb\"},\"inLanguage\":\"pt-BR\",\"potentialAction\":[{\"@type\":\"ReadAction\",\"target\":[\"https:\\\/\\\/www.torresorthodontics.com\\\/pt-br\\\/portal-do-paciente\\\/\"]}]},{\"@type\":\"BreadcrumbList\",\"@id\":\"https:\\\/\\\/www.torresorthodontics.com\\\/pt-br\\\/portal-do-paciente\\\/#breadcrumb\",\"itemListElement\":[{\"@type\":\"ListItem\",\"position\":1,\"name\":\"Home\",\"item\":\"https:\\\/\\\/www.torresorthodontics.com\\\/pt-br\\\/inicio\\\/\"},{\"@type\":\"ListItem\",\"position\":2,\"name\":\"Portal do paciente\"}]},{\"@type\":\"WebSite\",\"@id\":\"https:\\\/\\\/www.torresorthodontics.com\\\/#website\",\"url\":\"https:\\\/\\\/www.torresorthodontics.com\\\/\",\"name\":\"Torres Orthodontics\",\"description\":\"Orthodontist Tampa Miami Lakes FL clear aligners Braces | Torres Orthodontics\",\"publisher\":{\"@id\":\"https:\\\/\\\/www.torresorthodontics.com\\\/#organization\"},\"potentialAction\":[{\"@type\":\"SearchAction\",\"target\":{\"@type\":\"EntryPoint\",\"urlTemplate\":\"https:\\\/\\\/www.torresorthodontics.com\\\/?s={search_term_string}\"},\"query-input\":{\"@type\":\"PropertyValueSpecification\",\"valueRequired\":true,\"valueName\":\"search_term_string\"}}],\"inLanguage\":\"pt-BR\"},{\"@type\":\"Organization\",\"@id\":\"https:\\\/\\\/www.torresorthodontics.com\\\/#organization\",\"name\":\"Torres Orthodontics\",\"url\":\"https:\\\/\\\/www.torresorthodontics.com\\\/\",\"logo\":{\"@type\":\"ImageObject\",\"inLanguage\":\"pt-BR\",\"@id\":\"https:\\\/\\\/www.torresorthodontics.com\\\/#\\\/schema\\\/logo\\\/image\\\/\",\"url\":\"https:\\\/\\\/www.torresorthodontics.com\\\/wp-content\\\/uploads\\\/2022\\\/03\\\/torres-orthodontics-logo-horizontal.png\",\"contentUrl\":\"https:\\\/\\\/www.torresorthodontics.com\\\/wp-content\\\/uploads\\\/2022\\\/03\\\/torres-orthodontics-logo-horizontal.png\",\"width\":1000,\"height\":366,\"caption\":\"Torres Orthodontics\"},\"image\":{\"@id\":\"https:\\\/\\\/www.torresorthodontics.com\\\/#\\\/schema\\\/logo\\\/image\\\/\"},\"sameAs\":[\"https:\\\/\\\/www.facebook.com\\\/torresortho\\\/\"]}]}<\/script>\n<!-- \/ Yoast SEO plugin. -->","yoast_head_json":{"title":"Portal do paciente - Orthodontist Miami Lakes Tampa FL clear aligners Braces | Torres Orthodontics","robots":{"index":"index","follow":"follow","max-snippet":"max-snippet:-1","max-image-preview":"max-image-preview:large","max-video-preview":"max-video-preview:-1"},"canonical":"https:\/\/www.torresorthodontics.com\/pt-br\/portal-do-paciente\/","og_locale":"pt_BR","og_type":"article","og_title":"Portal do paciente - Orthodontist Miami Lakes Tampa FL clear aligners Braces | Torres Orthodontics","og_description":"Escolha o local de sua prefer\u00eancia para acessar o Portal do Paciente. Nossa equipe est\u00e1 pronta para oferecer a voc\u00ea um servi\u00e7o de primeira linha, onde quer que voc\u00ea escolha nos visitar. Tampa Miami Lakes Boca Raton","og_url":"https:\/\/www.torresorthodontics.com\/pt-br\/portal-do-paciente\/","og_site_name":"Orthodontist Miami Lakes Tampa FL clear aligners Braces | Torres Orthodontics","article_publisher":"https:\/\/www.facebook.com\/torresortho\/","article_modified_time":"2024-12-16T19:57:41+00:00","twitter_card":"summary_large_image","schema":{"@context":"https:\/\/schema.org","@graph":[{"@type":"WebPage","@id":"https:\/\/www.torresorthodontics.com\/pt-br\/portal-do-paciente\/","url":"https:\/\/www.torresorthodontics.com\/pt-br\/portal-do-paciente\/","name":"Portal do paciente - Orthodontist Miami Lakes Tampa FL clear aligners Braces | Torres Orthodontics","isPartOf":{"@id":"https:\/\/www.torresorthodontics.com\/#website"},"datePublished":"2024-11-11T18:00:22+00:00","dateModified":"2024-12-16T19:57:41+00:00","breadcrumb":{"@id":"https:\/\/www.torresorthodontics.com\/pt-br\/portal-do-paciente\/#breadcrumb"},"inLanguage":"pt-BR","potentialAction":[{"@type":"ReadAction","target":["https:\/\/www.torresorthodontics.com\/pt-br\/portal-do-paciente\/"]}]},{"@type":"BreadcrumbList","@id":"https:\/\/www.torresorthodontics.com\/pt-br\/portal-do-paciente\/#breadcrumb","itemListElement":[{"@type":"ListItem","position":1,"name":"Home","item":"https:\/\/www.torresorthodontics.com\/pt-br\/inicio\/"},{"@type":"ListItem","position":2,"name":"Portal do paciente"}]},{"@type":"WebSite","@id":"https:\/\/www.torresorthodontics.com\/#website","url":"https:\/\/www.torresorthodontics.com\/","name":"Torres Orthodontics","description":"Orthodontist Tampa Miami Lakes FL clear aligners Braces | Torres Orthodontics","publisher":{"@id":"https:\/\/www.torresorthodontics.com\/#organization"},"potentialAction":[{"@type":"SearchAction","target":{"@type":"EntryPoint","urlTemplate":"https:\/\/www.torresorthodontics.com\/?s={search_term_string}"},"query-input":{"@type":"PropertyValueSpecification","valueRequired":true,"valueName":"search_term_string"}}],"inLanguage":"pt-BR"},{"@type":"Organization","@id":"https:\/\/www.torresorthodontics.com\/#organization","name":"Torres Orthodontics","url":"https:\/\/www.torresorthodontics.com\/","logo":{"@type":"ImageObject","inLanguage":"pt-BR","@id":"https:\/\/www.torresorthodontics.com\/#\/schema\/logo\/image\/","url":"https:\/\/www.torresorthodontics.com\/wp-content\/uploads\/2022\/03\/torres-orthodontics-logo-horizontal.png","contentUrl":"https:\/\/www.torresorthodontics.com\/wp-content\/uploads\/2022\/03\/torres-orthodontics-logo-horizontal.png","width":1000,"height":366,"caption":"Torres Orthodontics"},"image":{"@id":"https:\/\/www.torresorthodontics.com\/#\/schema\/logo\/image\/"},"sameAs":["https:\/\/www.facebook.com\/torresortho\/"]}]}},"_links":{"self":[{"href":"https:\/\/www.torresorthodontics.com\/pt-br\/wp-json\/wp\/v2\/pages\/7335","targetHints":{"allow":["GET"]}}],"collection":[{"href":"https:\/\/www.torresorthodontics.com\/pt-br\/wp-json\/wp\/v2\/pages"}],"about":[{"href":"https:\/\/www.torresorthodontics.com\/pt-br\/wp-json\/wp\/v2\/types\/page"}],"author":[{"embeddable":true,"href":"https:\/\/www.torresorthodontics.com\/pt-br\/wp-json\/wp\/v2\/users\/1"}],"replies":[{"embeddable":true,"href":"https:\/\/www.torresorthodontics.com\/pt-br\/wp-json\/wp\/v2\/comments?post=7335"}],"version-history":[{"count":2,"href":"https:\/\/www.torresorthodontics.com\/pt-br\/wp-json\/wp\/v2\/pages\/7335\/revisions"}],"predecessor-version":[{"id":7348,"href":"https:\/\/www.torresorthodontics.com\/pt-br\/wp-json\/wp\/v2\/pages\/7335\/revisions\/7348"}],"wp:attachment":[{"href":"https:\/\/www.torresorthodontics.com\/pt-br\/wp-json\/wp\/v2\/media?parent=7335"}],"curies":[{"name":"wp","href":"https:\/\/api.w.org\/{rel}","templated":true}]}}